{"id":285,"date":"2024-01-03T11:21:20","date_gmt":"2024-01-03T10:21:20","guid":{"rendered":"https:\/\/xn--apartment-im-allgu-1tb.de\/?page_id=285"},"modified":"2024-12-18T14:11:23","modified_gmt":"2024-12-18T13:11:23","slug":"elementor-285","status":"publish","type":"page","link":"https:\/\/xn--apartment-im-allgu-1tb.de\/en\/elementor-285\/","title":{"rendered":"Apartment"},"content":{"rendered":"<div data-elementor-type=\"wp-page\" data-elementor-id=\"285\" class=\"elementor elementor-285\" data-elementor-post-type=\"page\">\n\t\t\t\t<div class=\"elementor-element elementor-element-2d88670 e-con-full e-flex e-con e-parent\" data-id=\"2d88670\" data-element_type=\"container\" data-settings=\"{&quot;background_background&quot;:&quot;classic&quot;}\" data-e-bg-lazyload=\"\" data-core-v316-plus=\"true\">\n\t\t\t\t<\/div>\n\t\t<div class=\"elementor-element elementor-element-8796f2f e-flex e-con-boxed e-con e-parent\" data-id=\"8796f2f\" data-element_type=\"container\" data-core-v316-plus=\"true\">\n\t\t\t\t\t<div class=\"e-con-inner\">\n\t\t<div class=\"elementor-element elementor-element-00d3e90 e-con-full e-flex e-con e-child\" data-id=\"00d3e90\" data-element_type=\"container\">\n\t\t\t\t<div class=\"elementor-element elementor-element-1c1a8e3 elementor-widget elementor-widget-heading\" data-id=\"1c1a8e3\" data-element_type=\"widget\" data-widget_type=\"heading.default\">\n\t\t\t\t<div class=\"elementor-widget-container\">\n\t\t\t<style>\/*! elementor - v3.20.0 - 20-03-2024 *\/\n.elementor-heading-title{padding:0;margin:0;line-height:1}.elementor-widget-heading .elementor-heading-title[class*=elementor-size-]>a{color:inherit;font-size:inherit;line-height:inherit}.elementor-widget-heading .elementor-heading-title.elementor-size-small{font-size:15px}.elementor-widget-heading .elementor-heading-title.elementor-size-medium{font-size:19px}.elementor-widget-heading .elementor-heading-title.elementor-size-large{font-size:29px}.elementor-widget-heading .elementor-heading-title.elementor-size-xl{font-size:39px}.elementor-widget-heading .elementor-heading-title.elementor-size-xxl{font-size:59px}<\/style><h2 class=\"elementor-heading-title elementor-size-default\">Das Apartment<\/h2>\t\t<\/div>\n\t\t\t\t<\/div>\n\t\t\t\t<div class=\"elementor-element elementor-element-c9ad0e2 elementor-widget elementor-widget-text-editor\" data-id=\"c9ad0e2\" data-element_type=\"widget\" data-widget_type=\"text-editor.default\">\n\t\t\t\t<div class=\"elementor-widget-container\">\n\t\t\t<style>\/*! elementor - v3.20.0 - 20-03-2024 *\/\n.elementor-widget-text-editor.elementor-drop-cap-view-stacked .elementor-drop-cap{background-color:#69727d;color:#fff}.elementor-widget-text-editor.elementor-drop-cap-view-framed .elementor-drop-cap{color:#69727d;border:3px solid;background-color:transparent}.elementor-widget-text-editor:not(.elementor-drop-cap-view-default) .elementor-drop-cap{margin-top:8px}.elementor-widget-text-editor:not(.elementor-drop-cap-view-default) .elementor-drop-cap-letter{width:1em;height:1em}.elementor-widget-text-editor .elementor-drop-cap{float:left;text-align:center;line-height:1;font-size:50px}.elementor-widget-text-editor .elementor-drop-cap-letter{display:inline-block}<\/style>\t\t\t\t<p>Das Apartment verf\u00fcgt \u00fcber zwei gro\u00dfe Panoramafenster, die bereits einen herrlichen Blick in die Ferne bieten und einen sehr gro\u00dfen Balkon mit Ess- und Loungeecke. Sie genie\u00dfen einen faszinierenden Blick auf die Berge und k\u00f6nnen den Gleitschirmfliegern, die auf der gegen\u00fcberliegenden Wiese landen, fast die Hand reichen. Das Apartment wurde vollst\u00e4ndig neu m\u00f6bliert und eingerichtet.<\/p>\t\t\t\t\t\t<\/div>\n\t\t\t\t<\/div>\n\t\t\t\t<div class=\"elementor-element elementor-element-74be1ad elementor-widget elementor-widget-button\" data-id=\"74be1ad\" data-element_type=\"widget\" data-widget_type=\"button.default\">\n\t\t\t\t<div class=\"elementor-widget-container\">\n\t\t\t\t\t<div class=\"elementor-button-wrapper\">\n\t\t\t<a class=\"elementor-button elementor-button-link elementor-size-sm elementor-animation-shrink\" href=\"https:\/\/xn--apartment-im-allgu-1tb.de\/en\/buchen\/\">\n\t\t\t\t\t\t<span class=\"elementor-button-content-wrapper\">\n\t\t\t\t\t\t<span class=\"elementor-button-text\">Booking<\/span>\n\t\t<\/span>\n\t\t\t\t\t<\/a>\n\t\t<\/div>\n\t\t\t\t<\/div>\n\t\t\t\t<\/div>\n\t\t\t\t<\/div>\n\t\t\t\t\t<\/div>\n\t\t\t\t<\/div>\n\t\t<div class=\"elementor-element elementor-element-3311f7b e-con-full e-flex e-con e-parent\" data-id=\"3311f7b\" data-element_type=\"container\" data-core-v316-plus=\"true\">\n\t\t<div class=\"elementor-element elementor-element-5b47325 e-con-full e-flex e-con e-child\" data-id=\"5b47325\" data-element_type=\"container\" data-settings=\"{&quot;background_background&quot;:&quot;classic&quot;}\" data-e-bg-lazyload=\"\">\n\t\t\t\t<\/div>\n\t\t<div class=\"elementor-element elementor-element-24ca39e e-con-full e-flex e-con e-child\" data-id=\"24ca39e\" data-element_type=\"container\" data-settings=\"{&quot;background_background&quot;:&quot;classic&quot;}\" data-e-bg-lazyload=\"\">\n\t\t\t\t<\/div>\n\t\t<div class=\"elementor-element elementor-element-e1a0837 e-con-full e-flex e-con e-child\" data-id=\"e1a0837\" data-element_type=\"container\" data-settings=\"{&quot;background_background&quot;:&quot;classic&quot;}\" data-e-bg-lazyload=\"\">\n\t\t\t\t<\/div>\n\t\t<div class=\"elementor-element elementor-element-8b0ccfb e-con-full e-flex e-con e-child\" data-id=\"8b0ccfb\" data-element_type=\"container\" data-settings=\"{&quot;background_background&quot;:&quot;classic&quot;}\" data-e-bg-lazyload=\"\">\n\t\t\t\t<\/div>\n\t\t<div class=\"elementor-element elementor-element-b7b6622 e-con-full e-flex e-con e-child\" data-id=\"b7b6622\" data-element_type=\"container\" data-settings=\"{&quot;background_background&quot;:&quot;classic&quot;}\" data-e-bg-lazyload=\"\">\n\t\t\t\t<\/div>\n\t\t<div class=\"elementor-element elementor-element-3269118 e-con-full e-flex e-con e-child\" data-id=\"3269118\" data-element_type=\"container\" data-settings=\"{&quot;background_background&quot;:&quot;classic&quot;}\" data-e-bg-lazyload=\"\">\n\t\t\t\t<\/div>\n\t\t\t\t<\/div>\n\t\t<div class=\"elementor-element elementor-element-1f52949 e-flex e-con-boxed e-con e-parent\" data-id=\"1f52949\" data-element_type=\"container\" data-core-v316-plus=\"true\">\n\t\t\t\t\t<div class=\"e-con-inner\">\n\t\t\t\t<div class=\"elementor-element elementor-element-979eb78 elementor-widget elementor-widget-heading\" data-id=\"979eb78\" data-element_type=\"widget\" data-widget_type=\"heading.default\">\n\t\t\t\t<div class=\"elementor-widget-container\">\n\t\t\t<h2 class=\"elementor-heading-title elementor-size-default\">Die Umgebung<\/h2>\t\t<\/div>\n\t\t\t\t<\/div>\n\t\t\t\t<div class=\"elementor-element elementor-element-cd19b98 elementor-widget elementor-widget-text-editor\" data-id=\"cd19b98\" data-element_type=\"widget\" data-widget_type=\"text-editor.default\">\n\t\t\t\t<div class=\"elementor-widget-container\">\n\t\t\t\t\t\t\t<p>Bannwaldsee, Hopfensee, Illasbergsee und Forggensee befinden sich in unmittelbarer N\u00e4he. Ob Wandern <br \/>auf die umliegenden Berge mit seinen vielen H\u00fctten, Radeln mit ausgiebigen Badestopps auf bestens ausgebauten Radwegen, Mountainbike Touren, Gleitschirmfliegen, Besichtigungen kulturhistorischer Denkm\u00e4ler, Burgen und Schl\u00f6sser, die Umgebung bietet eine riesige Auswahl an M\u00f6glichkeiten.<\/p><p>\u00a0<\/p><p>Diverse Wanderrouten und ein top ausgebautes Radwegenetz erm\u00f6glichen den Start direkt vom Apartment. Hier nur einige der Freizeitm\u00f6glichkeiten, die Ihren Urlaub abwechslungsreich und unvergesslich machen:<\/p><p>Rohrkopfh\u00fctte, Drehh\u00fctte, Kenzenh\u00fctte, Forsthaus Bleckenau, Almstube Trauchgau. Alternativ, und weniger bergig, diverse Alternativen: Bannwaldsee Runde, Forggenseerunde, Schl\u00f6sserrunde, Hopfenseerunde, Wieskirche, Forsthaus Unternogg, Lechfall, Alatse. Pfronten, Nesselwang, Oberstdorf, Oberjoch, Jungholz, Eisenberg und viele Ziele in \u00d6sterreich wie Lechtal, Reutte, Tannheimer Tal, H\u00e4ngebr\u00fccke Reutte&#8230; Das Freizeitangebot ist vielf\u00e4ltig.<\/p>\t\t\t\t\t\t<\/div>\n\t\t\t\t<\/div>\n\t\t\t\t<div class=\"elementor-element elementor-element-b5b2a95 elementor-widget elementor-widget-text-editor\" data-id=\"b5b2a95\" data-element_type=\"widget\" data-widget_type=\"text-editor.default\">\n\t\t\t\t<div class=\"elementor-widget-container\">\n\t\t\t\t\t\t\t<p>Im Winter bieten sich 28 Kilometer Langlaufloipen vor der Haust\u00fcr an, das gesamte Gebiet Halblech-Trauchgau-Buching umfasst stolze 78 Kilometer. Abfahrtski \/ Snowboarden auf 1.143m: ein Schlepplift und drei Abfahrten fast vor der Haust\u00fcr. Nesselwang, Kolbensattel, Skiarena Berwang (beschneit) etc. sind knapp 25 Minuten entfernt.<\/p>\t\t\t\t\t\t<\/div>\n\t\t\t\t<\/div>\n\t\t\t\t<div class=\"elementor-element elementor-element-a57421b elementor-widget elementor-widget-button\" data-id=\"a57421b\" data-element_type=\"widget\" data-widget_type=\"button.default\">\n\t\t\t\t<div class=\"elementor-widget-container\">\n\t\t\t\t\t<div class=\"elementor-button-wrapper\">\n\t\t\t<a class=\"elementor-button elementor-button-link elementor-size-sm elementor-animation-shrink\" href=\"https:\/\/xn--apartment-im-allgu-1tb.de\/en\/buchen\/\">\n\t\t\t\t\t\t<span class=\"elementor-button-content-wrapper\">\n\t\t\t\t\t\t<span class=\"elementor-button-text\">Booking<\/span>\n\t\t<\/span>\n\t\t\t\t\t<\/a>\n\t\t<\/div>\n\t\t\t\t<\/div>\n\t\t\t\t<\/div>\n\t\t\t\t\t<\/div>\n\t\t\t\t<\/div>\n\t\t<div class=\"elementor-element elementor-element-70b99af e-con-full e-flex e-con e-parent\" data-id=\"70b99af\" data-element_type=\"container\" data-core-v316-plus=\"true\">\n\t\t<div class=\"elementor-element elementor-element-1016644 e-con-full e-flex e-con e-child\" data-id=\"1016644\" data-element_type=\"container\" data-settings=\"{&quot;background_background&quot;:&quot;classic&quot;}\" data-e-bg-lazyload=\"\">\n\t\t\t\t<\/div>\n\t\t<div class=\"elementor-element elementor-element-0711331 e-con-full e-flex e-con e-child\" data-id=\"0711331\" data-element_type=\"container\" data-settings=\"{&quot;background_background&quot;:&quot;classic&quot;}\" data-e-bg-lazyload=\"\">\n\t\t\t\t<\/div>\n\t\t<div class=\"elementor-element elementor-element-22c9ed8 e-con-full e-flex e-con e-child\" data-id=\"22c9ed8\" data-element_type=\"container\" data-settings=\"{&quot;background_background&quot;:&quot;classic&quot;}\" data-e-bg-lazyload=\"\">\n\t\t\t\t<\/div>\n\t\t<div class=\"elementor-element elementor-element-87d62e0 e-con-full e-flex e-con e-child\" data-id=\"87d62e0\" data-element_type=\"container\" data-settings=\"{&quot;background_background&quot;:&quot;classic&quot;}\" data-e-bg-lazyload=\"\">\n\t\t\t\t<\/div>\n\t\t\t\t<\/div>\n\t\t<div class=\"elementor-element elementor-element-54768e1 e-flex e-con-boxed e-con e-parent\" data-id=\"54768e1\" data-element_type=\"container\" data-core-v316-plus=\"true\">\n\t\t\t\t\t<div class=\"e-con-inner\">\n\t\t\t\t<div class=\"elementor-element elementor-element-58ab2e6 elementor-widget elementor-widget-text-editor\" data-id=\"58ab2e6\" data-element_type=\"widget\" data-widget_type=\"text-editor.default\">\n\t\t\t\t<div class=\"elementor-widget-container\">\n\t\t\t\t\t\t\t<p><strong><u>Ausstattung des Apartments: (fast) alles neu seit 04\/2024<\/u><\/strong><\/p><p><br \/>Nichtraucher Apartment, ca. 34m\u00b2<\/p><p>Private Parkpl\u00e4tze kostenfrei direkt an der Unterkunft (Reservierung \/ Bezahlung nicht erforderlich)<br \/><br \/><\/p><p><u><br \/>Voll ausgestattete K\u00fcchenzeile<\/u>:\u00a0\u00a0\u00a0\u00a0\u00a0\u00a0\u00a0\u00a0\u00a0\u00a0\u00a0\u00a0\u00a0\u00a0\u00a0\u00a0\u00a0\u00a0\u00a0\u00a0\u00a0\u00a0\u00a0\u00a0\u00a0\u00a0\u00a0\u00a0\u00a0 \u00a0\u00a0\u00a0\u00a0\u00a0\u00a0\u00a0\u00a0\u00a0\u00a0\u00a0\u00a0\u00a0 <u>Schlafbereich<\/u>:<br \/>Kaffeemaschine (Kaffee Pads)\u00a0\u00a0\u00a0\u00a0\u00a0\u00a0\u00a0\u00a0\u00a0\u00a0\u00a0\u00a0\u00a0\u00a0\u00a0\u00a0\u00a0\u00a0 \u00a0\u00a0\u00a0\u00a0\u00a0\u00a0\u00a0\u00a0\u00a0\u00a0\u00a0\u00a0\u00a0 \u00a0\u00a0\u00a0\u00a0\u00a0\u00a0\u00a0\u00a0\u00a0\u00a0\u00a0\u00a0\u00a0 Doppelbett 1,60 x 2,00m<br \/>Toaster \u00a0\u00a0\u00a0\u00a0\u00a0\u00a0\u00a0\u00a0\u00a0\u00a0\u00a0\u00a0\u00a0\u00a0\u00a0\u00a0\u00a0\u00a0\u00a0\u00a0\u00a0\u00a0\u00a0\u00a0\u00a0\u00a0\u00a0\u00a0\u00a0\u00a0\u00a0\u00a0\u00a0\u00a0\u00a0\u00a0\u00a0\u00a0\u00a0\u00a0\u00a0\u00a0\u00a0\u00a0\u00a0\u00a0\u00a0\u00a0\u00a0\u00a0\u00a0\u00a0\u00a0\u00a0\u00a0\u00a0\u00a0\u00a0\u00a0\u00a0\u00a0\u00a0\u00a0\u00a0\u00a0\u00a0\u00a0\u00a0\u00a0\u00a0\u00a0 \u00a0\u00a0\u00a0\u00a0\u00a0\u00a0\u00a0\u00a0\u00a0\u00a0\u00a0\u00a0\u00a0 Bettw\u00e4sche <br \/>2 Herdplatten \u00a0\u00a0 \u00a0\u00a0\u00a0\u00a0\u00a0\u00a0\u00a0\u00a0\u00a0\u00a0\u00a0\u00a0\u00a0 \u00a0\u00a0\u00a0\u00a0\u00a0\u00a0\u00a0\u00a0\u00a0\u00a0\u00a0\u00a0\u00a0\u00a0\u00a0\u00a0\u00a0\u00a0\u00a0\u00a0\u00a0\u00a0\u00a0\u00a0\u00a0\u00a0\u00a0\u00a0\u00a0\u00a0\u00a0\u00a0\u00a0\u00a0\u00a0\u00a0\u00a0\u00a0\u00a0\u00a0\u00a0\u00a0 \u00a0\u00a0\u00a0\u00a0\u00a0\u00a0\u00a0\u00a0\u00a0\u00a0\u00a0\u00a0\u00a0 Kleiderschrank u. W\u00e4schekommode<\/p><p>Sp\u00fclmaschine <br \/>Mikrowellen-Backofen-Kombi <br \/>K\u00fchlschrank mit TK-Fach<\/p><p>K\u00fcchenutensilien \/ Geschirr<\/p><p>Wasser- und Eierkocher <br \/><br \/><\/p><p><u>Badezimmer<\/u><\/p><p>Toilettenpapier \/ Handseife<\/p><p>Dusche \/ WC<\/p><p>Haartrockner, Kosmetikspiegel<\/p><p>Waschbecken mit Unterschrank<\/p><p>Badschrank f\u00fcr Hygieneartikel<\/p><p>\u00a0<\/p><p><u>Wohnbereich<\/u><\/p><p>Ess-\/Sitzbereich<\/p><p>Sofa<\/p><p>Schwenkbarer Flachbild-TV erm\u00f6glicht Fernsehen vom Bett oder Wohnraum<\/p><p>\u00a0<\/p><p><u>Zimmerausstattung<\/u><\/p><p>Garderobe m. Sitzm\u00f6glichkeit u. Schuhfach<\/p><p>Schuh-Schmutzfang-Utensiel<\/p><p>\u00a0<\/p><p><u>Aussicht \/ Balkon<\/u>:<\/p><p>Ca. 12m\u00b2 gro\u00dfer voll \u00fcberdachter Balkon mit Ess- und zus\u00e4tzlichen Relaxm\u00f6beln<\/p><p>Blick auf Felder, Berge, Gleitschirmflieger und gepflegtem Garten des Hotels Bannwaldsee<\/p><p>\u00a0<\/p><p><u>Sonstiges<\/u>:<br \/>W\u00e4schetrockner (Keller)<\/p><p>Waschmaschine (Keller)<\/p><p>1x Kellerraum f. Ski-Zubeh\u00f6r, 1x Kellerraum f\u00fcr Fahrr\u00e4der, 1x Tischtennisraum<\/p><p>\u00a0<\/p><p><br \/>Geb\u00e4ude mit 15 Apartments, sehr ruhige Wohnanlage<\/p><p>Apartment im 2. OG (kein Aufzug)<\/p><p>\u00a0<\/p><p>Gesprochene Sprachen: \u00a0Deutsch, Englisch<\/p><p>\u00a0<\/p><p>Wir haben f\u00fcr Sie eine kleine G\u00e4stefibel im Apartment hinterlegt, damit Sie sich gut zurechtfinden.<\/p><p>\u00a0<\/p><p>Aufgrund hoher Energiekosten sowie anderer Kosten bitten wir um sorgsame Verwendung von Heizung, Wasser etc. Machen Sie es wie zuhause \u2013 und helfen Sie uns, dass Apartment bezahlbar zu lassen.<\/p>\t\t\t\t\t\t<\/div>\n\t\t\t\t<\/div>\n\t\t\t\t\t<\/div>\n\t\t\t\t<\/div>\n\t\t\t\t<\/div>","protected":false},"excerpt":{"rendered":"<p>Das Apartment Das Apartment verf\u00fcgt \u00fcber zwei gro\u00dfe Panoramafenster, die bereits einen herrlichen Blick in die Ferne bieten und einen sehr gro\u00dfen Balkon mit Ess- und Loungeecke. Sie genie\u00dfen einen faszinierenden Blick auf die Berge und k\u00f6nnen den Gleitschirmfliegern, die auf der gegen\u00fcberliegenden Wiese landen, fast die Hand reichen. Das Apartment wurde vollst\u00e4ndig neu m\u00f6bliert [&hellip;]<\/p>","protected":false},"author":1,"featured_media":0,"parent":0,"menu_order":0,"comment_status":"closed","ping_status":"closed","template":"","meta":{"footnotes":""},"class_list":["post-285","page","type-page","status-publish","hentry"],"_links":{"self":[{"href":"https:\/\/xn--apartment-im-allgu-1tb.de\/en\/wp-json\/wp\/v2\/pages\/285","targetHints":{"allow":["GET"]}}],"collection":[{"href":"https:\/\/xn--apartment-im-allgu-1tb.de\/en\/wp-json\/wp\/v2\/pages"}],"about":[{"href":"https:\/\/xn--apartment-im-allgu-1tb.de\/en\/wp-json\/wp\/v2\/types\/page"}],"author":[{"embeddable":true,"href":"https:\/\/xn--apartment-im-allgu-1tb.de\/en\/wp-json\/wp\/v2\/users\/1"}],"replies":[{"embeddable":true,"href":"https:\/\/xn--apartment-im-allgu-1tb.de\/en\/wp-json\/wp\/v2\/comments?post=285"}],"version-history":[{"count":63,"href":"https:\/\/xn--apartment-im-allgu-1tb.de\/en\/wp-json\/wp\/v2\/pages\/285\/revisions"}],"predecessor-version":[{"id":554,"href":"https:\/\/xn--apartment-im-allgu-1tb.de\/en\/wp-json\/wp\/v2\/pages\/285\/revisions\/554"}],"wp:attachment":[{"href":"https:\/\/xn--apartment-im-allgu-1tb.de\/en\/wp-json\/wp\/v2\/media?parent=285"}],"curies":[{"name":"wp","href":"https:\/\/api.w.org\/{rel}","templated":true}]}}